{"id":2,"date":"2025-07-25T17:53:59","date_gmt":"2025-07-25T17:53:59","guid":{"rendered":"http:\/\/ecuriemillepieds.com\/?page_id=2"},"modified":"2025-07-27T14:59:31","modified_gmt":"2025-07-27T14:59:31","slug":"sample-page","status":"publish","type":"page","link":"https:\/\/ecuriemillepieds.com\/en\/sample-page\/","title":{"rendered":"Facilities"},"content":{"rendered":"<h3 class=\"wp-block-heading\">Pastures<\/h3>\n\n\n\n<div class=\"wp-block-media-text has-media-on-the-right is-stacked-on-mobile\"><div class=\"wp-block-media-text__content\">\n<p class=\"has-text-align-right\">The pastures are completely secured by Australian fences, which are both highly visible and safe. Their design makes them particularly suitable for training foals, who can easily learn to respect boundaries without risk of injury.<\/p>\n<\/div><figure class=\"wp-block-media-text__media\"><img loading=\"lazy\" decoding=\"async\" width=\"1024\" height=\"480\" src=\"https:\/\/ecuriemillepieds.com\/wp-content\/uploads\/2025\/07\/Prairie-EM-1-1024x480.png\" alt=\"\" class=\"wp-image-206 size-full\" srcset=\"https:\/\/ecuriemillepieds.com\/wp-content\/uploads\/2025\/07\/Prairie-EM-1-1024x480.png 1024w, https:\/\/ecuriemillepieds.com\/wp-content\/uploads\/2025\/07\/Prairie-EM-1-300x141.png 300w, https:\/\/ecuriemillepieds.com\/wp-content\/uploads\/2025\/07\/Prairie-EM-1-768x360.png 768w, https:\/\/ecuriemillepieds.com\/wp-content\/uploads\/2025\/07\/Prairie-EM-1-1536x720.png 1536w, https:\/\/ecuriemillepieds.com\/wp-content\/uploads\/2025\/07\/Prairie-EM-1.png 1920w\" sizes=\"auto, (max-width: 1024px) 100vw, 1024px\" \/><\/figure><\/div>\n\n\n\n<div style=\"height:35px\" aria-hidden=\"true\" class=\"wp-block-spacer\"><\/div>\n\n\n\n<div class=\"wp-block-media-text has-media-on-the-right is-stacked-on-mobile\"><div class=\"wp-block-media-text__content\">\n<p class=\"has-text-align-right\">Each pasture is equipped with a <strong>roofed and strawed shelter<\/strong>, containing one or two balls of hay (depending on the number of horses) and<strong>spring water<\/strong> . <strong>They are monitored daily,<\/strong> all year round without any time constraints.<\/p>\n<\/div><figure class=\"wp-block-media-text__media\"><img loading=\"lazy\" decoding=\"async\" width=\"1024\" height=\"480\" src=\"https:\/\/ecuriemillepieds.com\/wp-content\/uploads\/2025\/07\/abri-1024x480.png\" alt=\"\" class=\"wp-image-235 size-full\" srcset=\"https:\/\/ecuriemillepieds.com\/wp-content\/uploads\/2025\/07\/abri-1024x480.png 1024w, https:\/\/ecuriemillepieds.com\/wp-content\/uploads\/2025\/07\/abri-300x141.png 300w, https:\/\/ecuriemillepieds.com\/wp-content\/uploads\/2025\/07\/abri-768x360.png 768w, https:\/\/ecuriemillepieds.com\/wp-content\/uploads\/2025\/07\/abri-1536x720.png 1536w, https:\/\/ecuriemillepieds.com\/wp-content\/uploads\/2025\/07\/abri.png 1920w\" sizes=\"auto, (max-width: 1024px) 100vw, 1024px\" \/><\/figure><\/div>\n\n\n\n<div style=\"height:35px\" aria-hidden=\"true\" class=\"wp-block-spacer\"><\/div>\n\n\n\n<div class=\"wp-block-media-text has-media-on-the-right is-stacked-on-mobile\"><div class=\"wp-block-media-text__content\">\n<p class=\"has-text-align-right\">The naturally rolling grasslands offer excellent <strong>light exercise<\/strong> and a <strong>ample space<\/strong>, allowing horses, even older ones, to remain <strong>in shape<\/strong>, while evolving in a perfectly <strong>safe environment<\/strong>.<\/p>\n<\/div><figure class=\"wp-block-media-text__media\"><img loading=\"lazy\" decoding=\"async\" width=\"1024\" height=\"480\" src=\"https:\/\/ecuriemillepieds.com\/wp-content\/uploads\/2025\/07\/Prairie-EM3-1024x480.png\" alt=\"\" class=\"wp-image-243 size-full\" srcset=\"https:\/\/ecuriemillepieds.com\/wp-content\/uploads\/2025\/07\/Prairie-EM3-1024x480.png 1024w, https:\/\/ecuriemillepieds.com\/wp-content\/uploads\/2025\/07\/Prairie-EM3-300x141.png 300w, https:\/\/ecuriemillepieds.com\/wp-content\/uploads\/2025\/07\/Prairie-EM3-768x360.png 768w, https:\/\/ecuriemillepieds.com\/wp-content\/uploads\/2025\/07\/Prairie-EM3-1536x720.png 1536w, https:\/\/ecuriemillepieds.com\/wp-content\/uploads\/2025\/07\/Prairie-EM3.png 1920w\" sizes=\"auto, (max-width: 1024px) 100vw, 1024px\" \/><\/figure><\/div>\n\n\n\n<div style=\"height:35px\" aria-hidden=\"true\" class=\"wp-block-spacer\"><\/div>\n\n\n\n<div class=\"wp-block-media-text has-media-on-the-right is-stacked-on-mobile\"><div class=\"wp-block-media-text__content\">\n<p class=\"has-text-align-right\">In order to prevent overgrazing, the pastures are harrowed and mulched at each change, which means that deworming is required less often. <strong>They have high-quality hay<\/strong> and<strong>grass all year round<\/strong>, even in winter. Special care is taken to <strong>respect  living space<\/strong> by <strong>changing pastures<\/strong>once a year with at least 2 hectares per horses<\/p>\n<\/div><figure class=\"wp-block-media-text__media\"><img loading=\"lazy\" decoding=\"async\" width=\"1024\" height=\"480\" src=\"https:\/\/ecuriemillepieds.com\/wp-content\/uploads\/2025\/07\/Prairie-EM6-1024x480.png\" alt=\"\" class=\"wp-image-262 size-full\" srcset=\"https:\/\/ecuriemillepieds.com\/wp-content\/uploads\/2025\/07\/Prairie-EM6-1024x480.png 1024w, https:\/\/ecuriemillepieds.com\/wp-content\/uploads\/2025\/07\/Prairie-EM6-300x141.png 300w, https:\/\/ecuriemillepieds.com\/wp-content\/uploads\/2025\/07\/Prairie-EM6-768x360.png 768w, https:\/\/ecuriemillepieds.com\/wp-content\/uploads\/2025\/07\/Prairie-EM6-1536x720.png 1536w, https:\/\/ecuriemillepieds.com\/wp-content\/uploads\/2025\/07\/Prairie-EM6.png 1920w\" sizes=\"auto, (max-width: 1024px) 100vw, 1024px\" \/><\/figure><\/div>\n\n\n\n<div style=\"height:35px\" aria-hidden=\"true\" class=\"wp-block-spacer\"><\/div>\n\n\n\n<div class=\"wp-block-media-text has-media-on-the-right is-stacked-on-mobile\"><div class=\"wp-block-media-text__content\">\n<p class=\"has-text-align-right\">The woods on the property offer <strong>shaded areas<\/strong> ideal for the well-being of horses. These <strong>cool spaces<\/strong> allow them to <strong>rest<\/strong> protected from the sun during hot weather, while maintaining a natural environment allowing <strong>well being<\/strong>.<\/p>\n<\/div><figure class=\"wp-block-media-text__media\"><img loading=\"lazy\" decoding=\"async\" width=\"1024\" height=\"480\" src=\"https:\/\/ecuriemillepieds.com\/wp-content\/uploads\/2025\/07\/wood-1024x480.png\" alt=\"\" class=\"wp-image-241 size-full\" srcset=\"https:\/\/ecuriemillepieds.com\/wp-content\/uploads\/2025\/07\/wood-1024x480.png 1024w, https:\/\/ecuriemillepieds.com\/wp-content\/uploads\/2025\/07\/wood-300x141.png 300w, https:\/\/ecuriemillepieds.com\/wp-content\/uploads\/2025\/07\/wood-768x360.png 768w, https:\/\/ecuriemillepieds.com\/wp-content\/uploads\/2025\/07\/wood-1536x720.png 1536w, https:\/\/ecuriemillepieds.com\/wp-content\/uploads\/2025\/07\/wood.png 1920w\" sizes=\"auto, (max-width: 1024px) 100vw, 1024px\" \/><\/figure><\/div>\n\n\n\n<div style=\"height:80px\" aria-hidden=\"true\" class=\"wp-block-spacer\"><\/div>\n\n\n\n<h3 class=\"wp-block-heading has-text-align-right\">The stable<\/h3>\n\n\n\n<div class=\"wp-block-media-text is-stacked-on-mobile\"><figure class=\"wp-block-media-text__media\"><img loading=\"lazy\" decoding=\"async\" width=\"1024\" height=\"768\" src=\"https:\/\/ecuriemillepieds.com\/wp-content\/uploads\/2025\/07\/004-1-1024x768.jpg\" alt=\"\" class=\"wp-image-252 size-full\" srcset=\"https:\/\/ecuriemillepieds.com\/wp-content\/uploads\/2025\/07\/004-1-1024x768.jpg 1024w, https:\/\/ecuriemillepieds.com\/wp-content\/uploads\/2025\/07\/004-1-300x225.jpg 300w, https:\/\/ecuriemillepieds.com\/wp-content\/uploads\/2025\/07\/004-1-768x576.jpg 768w, https:\/\/ecuriemillepieds.com\/wp-content\/uploads\/2025\/07\/004-1.jpg 1239w\" sizes=\"auto, (max-width: 1024px) 100vw, 1024px\" \/><\/figure><div class=\"wp-block-media-text__content\">\n<p>The stable consists of <strong>six spacious boxes<\/strong>, designed to offer <strong>comfort <\/strong>and a <strong>safety<\/strong> for each horse. Each stall has a <strong>good ventilation<\/strong>, <strong>a well-drained floor<\/strong>and a <strong>daily maintained litter<\/strong> . The layout promotes <strong>the calm <\/strong>and the <strong>well being<\/strong>of the horses, while allowing for a<strong>optimal monitoring<\/strong> , whether they are resting, recovering, or in working boarding.<\/p>\n<\/div><\/div>\n\n\n\n<div style=\"height:35px\" aria-hidden=\"true\" class=\"wp-block-spacer\"><\/div>\n\n\n\n<div class=\"wp-block-media-text is-stacked-on-mobile\"><figure class=\"wp-block-media-text__media\"><img loading=\"lazy\" decoding=\"async\" width=\"1024\" height=\"768\" src=\"https:\/\/ecuriemillepieds.com\/wp-content\/uploads\/2025\/07\/soin-1024x768.png\" alt=\"\" class=\"wp-image-254 size-full\" srcset=\"https:\/\/ecuriemillepieds.com\/wp-content\/uploads\/2025\/07\/soin-1024x768.png 1024w, https:\/\/ecuriemillepieds.com\/wp-content\/uploads\/2025\/07\/soin-300x225.png 300w, https:\/\/ecuriemillepieds.com\/wp-content\/uploads\/2025\/07\/soin-768x576.png 768w, https:\/\/ecuriemillepieds.com\/wp-content\/uploads\/2025\/07\/soin.png 1239w\" sizes=\"auto, (max-width: 1024px) 100vw, 1024px\" \/><\/figure><div class=\"wp-block-media-text__content\">\n<p>Adjacent to the stable, a <strong>covered treatment room,<\/strong> a <strong>secondary tackroom<\/strong> equipped with a <strong>pharmacy<\/strong>, <strong>sink  <\/strong>and a <strong>washing machine<\/strong>, as well as a <strong>outdoor shower<\/strong> for the daily care of horses and the  maintenance of equipment.<\/p>\n<\/div><\/div>\n\n\n\n<div style=\"height:35px\" aria-hidden=\"true\" class=\"wp-block-spacer\"><\/div>\n\n\n\n<div class=\"wp-block-media-text is-stacked-on-mobile\"><figure class=\"wp-block-media-text__media\"><img loading=\"lazy\" decoding=\"async\" width=\"1024\" height=\"682\" src=\"https:\/\/ecuriemillepieds.com\/wp-content\/uploads\/2025\/07\/stabulation-1024x682.jpg\" alt=\"\" class=\"wp-image-255 size-full\" srcset=\"https:\/\/ecuriemillepieds.com\/wp-content\/uploads\/2025\/07\/stabulation-1024x682.jpg 1024w, https:\/\/ecuriemillepieds.com\/wp-content\/uploads\/2025\/07\/stabulation-300x200.jpg 300w, https:\/\/ecuriemillepieds.com\/wp-content\/uploads\/2025\/07\/stabulation-768x512.jpg 768w, https:\/\/ecuriemillepieds.com\/wp-content\/uploads\/2025\/07\/stabulation.jpg 1394w\" sizes=\"auto, (max-width: 1024px) 100vw, 1024px\" \/><\/figure><div class=\"wp-block-media-text__content\">\n<p>It has a <strong>comfortable housing<\/strong> and a <strong>dedicated tackroom<\/strong> for the owners.<\/p>\n\n\n\n<p>The stable also includes its&nbsp;<strong>grainary&nbsp;<\/strong>: The barley is flattened there before each meal and the pellets are stored there along with the specific rations for each horse.<\/p>\n<\/div><\/div>\n\n\n\n<div style=\"height:35px\" aria-hidden=\"true\" class=\"wp-block-spacer\"><\/div>\n\n\n\n<div class=\"wp-block-media-text is-stacked-on-mobile\"><figure class=\"wp-block-media-text__media\"><img loading=\"lazy\" decoding=\"async\" width=\"1024\" height=\"768\" src=\"https:\/\/ecuriemillepieds.com\/wp-content\/uploads\/2025\/07\/access-1024x768.png\" alt=\"\" class=\"wp-image-258 size-full\" srcset=\"https:\/\/ecuriemillepieds.com\/wp-content\/uploads\/2025\/07\/access-1024x768.png 1024w, https:\/\/ecuriemillepieds.com\/wp-content\/uploads\/2025\/07\/access-300x225.png 300w, https:\/\/ecuriemillepieds.com\/wp-content\/uploads\/2025\/07\/access-768x576.png 768w, https:\/\/ecuriemillepieds.com\/wp-content\/uploads\/2025\/07\/access.png 1239w\" sizes=\"auto, (max-width: 1024px) 100vw, 1024px\" \/><\/figure><div class=\"wp-block-media-text__content\">\n<p>-<strong> We provide direct access<\/strong> and a <strong>safe environment<\/strong> Meadows, are convertible into &nbsp;<strong>modular paddocks<\/strong> as desired, this allows broodmares with foals to be taken out without any risk, as well as horses in convalescence.<\/p>\n<\/div><\/div>\n\n\n\n<div style=\"height:80px\" aria-hidden=\"true\" class=\"wp-block-spacer\"><\/div>\n\n\n\n<h3 class=\"wp-block-heading\">Workspaces<\/h3>\n\n\n\n<div class=\"wp-block-media-text has-media-on-the-right is-stacked-on-mobile\"><div class=\"wp-block-media-text__content\">\n<p class=\"has-text-align-right\">The facilities have been designed to accommodate horses and ponies of all ages, in all seasons, and in all <strong>conditions.<\/strong>The land stays <strong>practicable<\/strong> even in wet weather, without muddy areas.<\/p>\n<\/div><figure class=\"wp-block-media-text__media\"><img loading=\"lazy\" decoding=\"async\" width=\"1024\" height=\"682\" src=\"https:\/\/ecuriemillepieds.com\/wp-content\/uploads\/2025\/07\/manege2-1024x682.png\" alt=\"\" class=\"wp-image-287 size-full\" srcset=\"https:\/\/ecuriemillepieds.com\/wp-content\/uploads\/2025\/07\/manege2-1024x682.png 1024w, https:\/\/ecuriemillepieds.com\/wp-content\/uploads\/2025\/07\/manege2-300x200.png 300w, https:\/\/ecuriemillepieds.com\/wp-content\/uploads\/2025\/07\/manege2-768x512.png 768w, https:\/\/ecuriemillepieds.com\/wp-content\/uploads\/2025\/07\/manege2.png 1394w\" sizes=\"auto, (max-width: 1024px) 100vw, 1024px\" \/><\/figure><\/div>\n\n\n\n<div style=\"height:35px\" aria-hidden=\"true\" class=\"wp-block-spacer\"><\/div>\n\n\n\n<div class=\"wp-block-media-text has-media-on-the-right is-stacked-on-mobile\"><div class=\"wp-block-media-text__content\">\n<p class=\"has-text-align-right\">The<strong>round pen<\/strong> installed directly in the field, remains usable even after heavy rainfall. This configuration<strong> naturally promotes the focus<\/strong> of the horse, while allowing it to maintain visual contact with its <strong>herd mates<\/strong>, which <strong>calm the foal<\/strong> and <strong>the sensitives horses<\/strong>.<\/p>\n<\/div><figure class=\"wp-block-media-text__media\"><img loading=\"lazy\" decoding=\"async\" width=\"1024\" height=\"682\" src=\"https:\/\/ecuriemillepieds.com\/wp-content\/uploads\/2025\/07\/round-1024x682.jpg\" alt=\"\" class=\"wp-image-277 size-full\" srcset=\"https:\/\/ecuriemillepieds.com\/wp-content\/uploads\/2025\/07\/round-1024x682.jpg 1024w, https:\/\/ecuriemillepieds.com\/wp-content\/uploads\/2025\/07\/round-300x200.jpg 300w, https:\/\/ecuriemillepieds.com\/wp-content\/uploads\/2025\/07\/round-768x512.jpg 768w, https:\/\/ecuriemillepieds.com\/wp-content\/uploads\/2025\/07\/round.jpg 1394w\" sizes=\"auto, (max-width: 1024px) 100vw, 1024px\" \/><\/figure><\/div>\n\n\n\n<div style=\"height:35px\" aria-hidden=\"true\" class=\"wp-block-spacer\"><\/div>\n\n\n\n<div class=\"wp-block-media-text has-media-on-the-right is-stacked-on-mobile\"><div class=\"wp-block-media-text__content\">\n<p class=\"has-text-align-right\">The <strong>indoor riding arena<\/strong>, measures 15 x 32 meters, it has electric lighting, which allows for <strong>confortable work all year round<\/strong>, including in the evening or in bad weather.<\/p>\n<\/div><figure class=\"wp-block-media-text__media\"><img loading=\"lazy\" decoding=\"async\" width=\"1024\" height=\"682\" src=\"https:\/\/ecuriemillepieds.com\/wp-content\/uploads\/2025\/07\/manege-1024x682.jpg\" alt=\"\" class=\"wp-image-279 size-full\" srcset=\"https:\/\/ecuriemillepieds.com\/wp-content\/uploads\/2025\/07\/manege-1024x682.jpg 1024w, https:\/\/ecuriemillepieds.com\/wp-content\/uploads\/2025\/07\/manege-300x200.jpg 300w, https:\/\/ecuriemillepieds.com\/wp-content\/uploads\/2025\/07\/manege-768x512.jpg 768w, https:\/\/ecuriemillepieds.com\/wp-content\/uploads\/2025\/07\/manege.jpg 1394w\" sizes=\"auto, (max-width: 1024px) 100vw, 1024px\" \/><\/figure><\/div>\n\n\n\n<div style=\"height:35px\" aria-hidden=\"true\" class=\"wp-block-spacer\"><\/div>\n\n\n\n<div class=\"wp-block-media-text has-media-on-the-right is-stacked-on-mobile\"><div class=\"wp-block-media-text__content\">\n<p class=\"has-text-align-right\">Finally, nestled in the heart of one of the estate's woods, <strong>a clearing <\/strong>was specially <strong>fitted out <\/strong>for <strong>field work<\/strong>, it allows us to practice <strong>cross country<\/strong>and<strong>jumping<\/strong>, as well as <strong>dressage<\/strong>and even <strong>trail<\/strong> in a quiet environment.<\/p>\n<\/div><figure class=\"wp-block-media-text__media\"><img loading=\"lazy\" decoding=\"async\" width=\"1024\" height=\"682\" src=\"https:\/\/ecuriemillepieds.com\/wp-content\/uploads\/2025\/07\/clear-1024x682.png\" alt=\"\" class=\"wp-image-281 size-full\" srcset=\"https:\/\/ecuriemillepieds.com\/wp-content\/uploads\/2025\/07\/clear-1024x682.png 1024w, https:\/\/ecuriemillepieds.com\/wp-content\/uploads\/2025\/07\/clear-300x200.png 300w, https:\/\/ecuriemillepieds.com\/wp-content\/uploads\/2025\/07\/clear-768x512.png 768w, https:\/\/ecuriemillepieds.com\/wp-content\/uploads\/2025\/07\/clear.png 1394w\" sizes=\"auto, (max-width: 1024px) 100vw, 1024px\" \/><\/figure><\/div>\n\n\n\n<div style=\"height:80px\" aria-hidden=\"true\" class=\"wp-block-spacer\"><\/div>\n\n\n\n<h3 class=\"wp-block-heading has-text-align-right\">The trails<\/h3>\n\n\n\n<div class=\"wp-block-media-text is-stacked-on-mobile\" style=\"grid-template-columns:23% auto\"><figure class=\"wp-block-media-text__media\"><video controls src=\"https:\/\/ecuriemillepieds.com\/wp-content\/uploads\/2025\/07\/balade-1.mp4\"><\/video><\/figure><div class=\"wp-block-media-text__content\">\n<p>Depending on your preferences, the estate offers a wide variety of routes for your horse rides: trails <strong>shaded in the forest<\/strong>, edges of<strong> open grasslands<\/strong> on the horizon, or a refreshing walk through a <strong>accessible pond<\/strong> to the riders.<\/p>\n<\/div><\/div>\n\n\n\n<div style=\"height:35px\" aria-hidden=\"true\" class=\"wp-block-spacer\"><\/div>\n\n\n\n<figure class=\"wp-block-gallery has-nested-images columns-default is-cropped wp-block-gallery-1 is-layout-flex wp-block-gallery-is-layout-flex\">\n<figure class=\"wp-block-image size-large\"><img loading=\"lazy\" decoding=\"async\" width=\"1024\" height=\"685\" data-id=\"299\" src=\"https:\/\/ecuriemillepieds.com\/wp-content\/uploads\/2025\/07\/balade1-1-1024x685.jpg\" alt=\"\" class=\"wp-image-299\" srcset=\"https:\/\/ecuriemillepieds.com\/wp-content\/uploads\/2025\/07\/balade1-1-1024x685.jpg 1024w, https:\/\/ecuriemillepieds.com\/wp-content\/uploads\/2025\/07\/balade1-1-300x201.jpg 300w, https:\/\/ecuriemillepieds.com\/wp-content\/uploads\/2025\/07\/balade1-1-768x514.jpg 768w, https:\/\/ecuriemillepieds.com\/wp-content\/uploads\/2025\/07\/balade1-1.jpg 1388w\" sizes=\"auto, (max-width: 1024px) 100vw, 1024px\" \/><\/figure>\n\n\n\n<figure class=\"wp-block-image size-large\"><img loading=\"lazy\" decoding=\"async\" width=\"1024\" height=\"685\" data-id=\"298\" src=\"https:\/\/ecuriemillepieds.com\/wp-content\/uploads\/2025\/07\/balade3-3-1024x685.jpg\" alt=\"\" class=\"wp-image-298\" srcset=\"https:\/\/ecuriemillepieds.com\/wp-content\/uploads\/2025\/07\/balade3-3-1024x685.jpg 1024w, https:\/\/ecuriemillepieds.com\/wp-content\/uploads\/2025\/07\/balade3-3-300x201.jpg 300w, https:\/\/ecuriemillepieds.com\/wp-content\/uploads\/2025\/07\/balade3-3-768x514.jpg 768w, https:\/\/ecuriemillepieds.com\/wp-content\/uploads\/2025\/07\/balade3-3.jpg 1388w\" sizes=\"auto, (max-width: 1024px) 100vw, 1024px\" \/><\/figure>\n<\/figure>","protected":false},"excerpt":{"rendered":"<p>Les prairies Les prairies sont enti\u00e8rement s\u00e9curis\u00e9es par des cl\u00f4tures australiennes, \u00e0 la fois tr\u00e8s visibles et sans danger. Leur conception les rend particuli\u00e8rement adapt\u00e9es \u00e0 l\u2019apprentissage des poulains, qui y d\u00e9veloppent ais\u00e9ment le respect des limites sans risque de blessure. Chaque prairie est \u00e9quip\u00e9e d&rsquo;un abris paill\u00e9, contenant une ou deux boules de foin [&hellip;]<\/p>\n","protected":false},"author":1,"featured_media":0,"parent":0,"menu_order":0,"comment_status":"closed","ping_status":"open","template":"","meta":{"footnotes":""},"class_list":["post-2","page","type-page","status-publish","hentry"],"_links":{"self":[{"href":"https:\/\/ecuriemillepieds.com\/en\/wp-json\/wp\/v2\/pages\/2","targetHints":{"allow":["GET"]}}],"collection":[{"href":"https:\/\/ecuriemillepieds.com\/en\/wp-json\/wp\/v2\/pages"}],"about":[{"href":"https:\/\/ecuriemillepieds.com\/en\/wp-json\/wp\/v2\/types\/page"}],"author":[{"embeddable":true,"href":"https:\/\/ecuriemillepieds.com\/en\/wp-json\/wp\/v2\/users\/1"}],"replies":[{"embeddable":true,"href":"https:\/\/ecuriemillepieds.com\/en\/wp-json\/wp\/v2\/comments?post=2"}],"version-history":[{"count":71,"href":"https:\/\/ecuriemillepieds.com\/en\/wp-json\/wp\/v2\/pages\/2\/revisions"}],"predecessor-version":[{"id":307,"href":"https:\/\/ecuriemillepieds.com\/en\/wp-json\/wp\/v2\/pages\/2\/revisions\/307"}],"wp:attachment":[{"href":"https:\/\/ecuriemillepieds.com\/en\/wp-json\/wp\/v2\/media?parent=2"}],"curies":[{"name":"wp","href":"https:\/\/api.w.org\/{rel}","templated":true}]}}