{"id":77,"date":"2025-07-26T13:48:05","date_gmt":"2025-07-26T13:48:05","guid":{"rendered":"https:\/\/ecuriemillepieds.com\/?page_id=77"},"modified":"2025-07-27T13:42:45","modified_gmt":"2025-07-27T13:42:45","slug":"tarifs","status":"publish","type":"page","link":"https:\/\/ecuriemillepieds.com\/en\/tarifs\/","title":{"rendered":"Prices"},"content":{"rendered":"<h3 class=\"wp-block-heading\">Adult horse and pony boarding<\/h3>\n\n\n\n<p>The <strong>basic livery<\/strong> includes <strong>accommodation<\/strong>, <strong>food <\/strong>(classic hay and straw-based), the <strong>daily life monitoring <\/strong>as well as the<strong>access to the facilities.<\/strong> It is ideal for owners who are available to provide care, work, or any additional needs for their horse .<\/p>\n\n\n\n<p>For owners who are less available or who want personalized support, a <strong>extended livery<\/strong> is offered. In addition to basic services, it includes the distribution of<strong> dietary supplements <\/strong>suitable, a <strong>customized nutritional monitoring<\/strong> , the <strong>the common handling<\/strong> duties <strong>the personalised care <\/strong>necessary, as well as <strong>educational support<\/strong> according to the horse's needs.<\/p>\n\n\n\n<figure class=\"wp-block-table is-style-regular\"><table class=\"has-fixed-layout\"><tbody><tr><td><strong>Basic pension<\/strong><\/td><td class=\"has-text-align-center\" data-align=\"center\">190\u20ac \/ month<\/td><\/tr><tr><td><strong>Extended pension<\/strong><\/td><td class=\"has-text-align-center\" data-align=\"center\">230\u20ac \/ month<\/td><\/tr><\/tbody><\/table><\/figure>\n\n\n\n<div style=\"height:50px\" aria-hidden=\"true\" class=\"wp-block-spacer\"><\/div>\n\n\n\n<h3 class=\"wp-block-heading\">Retired horse or pony boarding<\/h3>\n\n\n\n<p>It includes everything: accommodation, basic feed and a supplement tailored to any medical conditions (pellets, barley, etc.), which will be adjusted over time if necessary, the care required for the horse's well-being (grooming, hoof care, etc.), various procedures carried out by the farrier, veterinarian (vaccinations, etc.), dentist, and also worming. <\/p>\n\n\n\n<p>Monitoring the horse is an integral part of my work, whether it involves small tasks (putting on blankets and masks provided by the owner) or more significant care.&nbsp;<br>The products used and my partners' fees (such as the veterinarian...) are payable by the owner.<br>\u200b<br>Retirement is often a difficult transition for horses (and sometimes also for their owners) who are not used to living outdoors and in a group. For this reason, I offer a gradual adaptation and integration process for your companion, tailored to their health, background, and behavioral habits.<\/p>\n\n\n\n<figure class=\"wp-block-table\"><table class=\"has-fixed-layout\"><tbody><tr><td><strong>Retirement pension<\/strong><\/td><td class=\"has-text-align-center\" data-align=\"center\">230\u20ac \/ month<\/td><\/tr><\/tbody><\/table><\/figure>\n\n\n\n<div style=\"height:35px\" aria-hidden=\"true\" class=\"wp-block-spacer\"><\/div>\n\n\n\n<h3 class=\"wp-block-heading\">Breeding<\/h3>\n\n\n\n<p>It includes the same services as retirement, with a diet appropriate for pregnancy and living conditions that best suit her (in a stall at night, outside, alone, with her foal, with one or more others, depending on each individual), depending on the time of year and your wishes. Foaling and weaning will be charged separately.<\/p>\n\n\n\n<figure class=\"wp-block-table\"><table class=\"has-fixed-layout\"><tbody><tr><td><strong>Pregnant mare<\/strong><\/td><td class=\"has-text-align-center\" data-align=\"center\">300 \/ month<\/td><\/tr><tr><td><strong>Pregnant mare with foal<\/strong><\/td><td class=\"has-text-align-center\" data-align=\"center\">400\u20ac \/ month<\/td><\/tr><\/tbody><\/table><\/figure>\n\n\n\n<p>After weaning, foals can of course remain at Millepieds and continue to be supplemented, handled, trained, and cared for like all the others.<\/p>\n\n\n\n<div style=\"height:35px\" aria-hidden=\"true\" class=\"wp-block-spacer\"><\/div>\n\n\n\n<h3 class=\"wp-block-heading\">Recovery<\/h3>\n\n\n\n<p>Rates are set according to the specific needs of each horse, taking into account its condition, the duration of care required, and the treatment to be provided.<\/p>\n\n\n\n<p>This personalized care is defined in consultation with the horse's owner and based on the recommendations of the veterinarian responsible for its care. <\/p>\n\n\n\n<p>A preliminary appointment is necessary in order to accurately assess the reception conditions and develop an appropriate protocol.<\/p>","protected":false},"excerpt":{"rendered":"<p>Pension cheval et poney adulte La pension de base comprend l\u2019h\u00e9bergement, l\u2019alimentation classique \u00e0 base de foin et de paille, la surveillance quotidienne ainsi que l\u2019acc\u00e8s aux installations. Elle convient parfaitement aux propri\u00e9taires disponibles pour assurer eux-m\u00eames les soins, le travail ou les compl\u00e9ments \u00e9ventuels de leur cheval. Pour les propri\u00e9taires moins disponibles ou souhaitant [&hellip;]<\/p>\n","protected":false},"author":1,"featured_media":0,"parent":0,"menu_order":0,"comment_status":"closed","ping_status":"closed","template":"","meta":{"footnotes":""},"class_list":["post-77","page","type-page","status-publish","hentry"],"_links":{"self":[{"href":"https:\/\/ecuriemillepieds.com\/en\/wp-json\/wp\/v2\/pages\/77","targetHints":{"allow":["GET"]}}],"collection":[{"href":"https:\/\/ecuriemillepieds.com\/en\/wp-json\/wp\/v2\/pages"}],"about":[{"href":"https:\/\/ecuriemillepieds.com\/en\/wp-json\/wp\/v2\/types\/page"}],"author":[{"embeddable":true,"href":"https:\/\/ecuriemillepieds.com\/en\/wp-json\/wp\/v2\/users\/1"}],"replies":[{"embeddable":true,"href":"https:\/\/ecuriemillepieds.com\/en\/wp-json\/wp\/v2\/comments?post=77"}],"version-history":[{"count":11,"href":"https:\/\/ecuriemillepieds.com\/en\/wp-json\/wp\/v2\/pages\/77\/revisions"}],"predecessor-version":[{"id":270,"href":"https:\/\/ecuriemillepieds.com\/en\/wp-json\/wp\/v2\/pages\/77\/revisions\/270"}],"wp:attachment":[{"href":"https:\/\/ecuriemillepieds.com\/en\/wp-json\/wp\/v2\/media?parent=77"}],"curies":[{"name":"wp","href":"https:\/\/api.w.org\/{rel}","templated":true}]}}